{"id":2343,"date":"2023-01-04T07:21:06","date_gmt":"2023-01-04T06:21:06","guid":{"rendered":"https:\/\/2advance.eu\/2advance\/"},"modified":"2025-02-19T19:17:52","modified_gmt":"2025-02-19T18:17:52","slug":"2advance","status":"publish","type":"page","link":"https:\/\/2advance.eu\/en\/","title":{"rendered":"2Advance"},"content":{"rendered":"\n\n\t<p>The <strong>well-being<\/strong> of people and organizations is the <strong>basis for<\/strong> success!<\/p>\n\t\t\t\t<img decoding=\"async\" src=\"https:\/\/2advance.eu\/wp-content\/uploads\/2024\/03\/bollen-kleuren.svg\" alt=\"bollen-kleuren\" itemprop=\"image\" title=\"bollen-kleuren\" onerror=\"this.style.display='none'\"  \/>\n\t<h1>Top of mountain feeling<\/h1>\n<p>Realizing what you&#8217;re good at adds more pleasure and happiness to your work. Understanding your talent allows you to set up your work properly so that you can do the right things from personal expertise.  Only then can you start working on the necessary skills and knowledge.<\/p>\n<p>The aim of 2Advance is effecting fundamental (systemic) changes in organization and people. A change that takes place from within at business, departmental or individual level.<\/p>\n<p>As an external partner, I&#8217;m aiming for a long-term relationship in order to deliver lasting results to the well-being and success of the organization and its collaborators. I want to enable the self-development of people.<\/p>\n<p>I use Transactional Analysis (TA) as a starting point. A practical theory on behaviour and communication in which we come to understand ourselves and the people we work with using simple models. As an employee, manager or salesman, it makes us effective in dealing and communicating with people.<\/p>\n<p>My methodology is dynamic, only our goal is fixed. Setting and achieving targets is dependent on what is needed. So no pre-set programme: using the thermometer and hearing and feeling what is needed, connecting myself &#8211; just do it!<\/p>\n          &#8220;<strong>Realizing what you&#8217;re good at<\/strong> adds more pleasure and happiness to your work. Understanding your talent allows you to set up your work properly so that you can do the right things from personal expertise. <strong>Only then can you start working on the necessary skills and knowledge.&#8221;<\/strong>\n<h2>\n\t\tReferences\n\t<\/h2>\n\t\t\t<p>Anne-Marie can make people grow, she brings out the best in people. She enjoys the fact that people enjoy their success, that she has been able to make a substantial contribution to it. She discovers the talents that people had not or never discovered themselves. Anne-Marie is a wonderful person!<a href=\"https:\/\/www.linkedin.com\/in\/bobhutten\/\" target=\"_blank\" rel=\"noopener\"><em>Bob Hutten &#8211; director\/owner of Hutten Catering B.V.<\/em><\/a><\/p>\t\t\n\t\t\t<p>Anne-Marie lets you experience through confrontation that you not only have talents, but that you can also develop them further. This way the message always hits harder and you quickly learn to improve your own development points in a fun and playful way.<\/p>\n<p><em><a href=\"https:\/\/www.linkedin.com\/in\/laurens-zanoli-66394197\" target=\"_blank\" rel=\"noopener\">Laurens Zanoli &#8211; Sales Manager B2C Europe<\/a><\/em><\/p>\t\t\n\t\t\t<p>Du hast eine wunderbare nat\u00fcrlich Art, Potenziale bei den Mitarbeitern zu heben, die diese im Gesch\u00e4ftsalltag schon oft vergessen hatten (und an die die F\u00fchrungskr\u00e4fte nicht so leicht herankommen). Im Zusammenspiel mit guten und offenen F\u00fchrungskr\u00e4ften werden Verkrustungen gel\u00f6st, die Mitarbeiter entwickeln Eigeninitiative und Spa\u00df an der Leistung und wachsen so \u00fcber sich hinaus.<em><a href=\"https:\/\/www.sappi.com\/\" target=\"_blank\" rel=\"noopener\">Peter Goer &#8211; Managing Director Sappi Deutschland GmbH<\/a><\/em><\/p>\t\t\n\t\t\t<p>A very strong side of Anne-Marie is creating a situation in which people feel safe and familiar. To then get a mirror held up to you from that warm, familiar base in a sharp, but pleasant way. With which employees are then able to get the best out of themselves.<\/p>\n<p><em><a href=\"https:\/\/www.linkedin.com\/in\/maarten-vuurmans-877376b\" target=\"_blank\">Maarten Vuurmans &#8211; Commercial Manager\u00a0Study Store<\/a><\/em> <\/p>\t\t\n\t\t\t\t<img loading=\"lazy\" decoding=\"async\" src=\"https:\/\/2advance.eu\/wp-content\/uploads\/2023\/01\/Annemarie-Koenraad.webp\" alt=\"Anne Marie Koenraad - van Hees\" itemprop=\"image\" height=\"900\" width=\"900\" title=\"Annemarie Koenraad\" onerror=\"this.style.display='none'\"  \/>\n\t\tAnne Marie Koenraad &#8211; van Hees\n\t<h2>How can I help you?<\/h2>\n<p>Do you have any questions or do you need a personal conversation? Don&#8217;t hesitate and contact me. I&#8217;d be happy to talk to you.<\/p>\n\t\t\t<a href=\"mailto:info@2advance.eu\" target=\"_blank\" rel=\"noopener\">\n\t\t\t\t\t\t\tSend a message\n\t\t\t\t\t<\/a>\n\t\t\t<a href=\"tel:0031655871410\" target=\"_blank\" rel=\"noopener\">\n\t\t\t\t\t\t\tCall me\n\t\t\t\t\t<\/a>\n\n","protected":false},"excerpt":{"rendered":"<p>The well-being of people and organizations is the basis for success! Top of mountain feeling Realizing what you&#8217;re good at adds more pleasure and happiness to your work. Understanding your talent allows you to set up your work properly so that you can do the right things from personal expertise. Only then can you start&hellip;<\/p>\n","protected":false},"author":1,"featured_media":0,"parent":0,"menu_order":0,"comment_status":"closed","ping_status":"closed","template":"","meta":{"inline_featured_image":false,"footnotes":""},"class_list":["post-2343","page","type-page","status-publish","hentry"],"_links":{"self":[{"href":"https:\/\/2advance.eu\/en\/wp-json\/wp\/v2\/pages\/2343","targetHints":{"allow":["GET"]}}],"collection":[{"href":"https:\/\/2advance.eu\/en\/wp-json\/wp\/v2\/pages"}],"about":[{"href":"https:\/\/2advance.eu\/en\/wp-json\/wp\/v2\/types\/page"}],"author":[{"embeddable":true,"href":"https:\/\/2advance.eu\/en\/wp-json\/wp\/v2\/users\/1"}],"replies":[{"embeddable":true,"href":"https:\/\/2advance.eu\/en\/wp-json\/wp\/v2\/comments?post=2343"}],"version-history":[{"count":6,"href":"https:\/\/2advance.eu\/en\/wp-json\/wp\/v2\/pages\/2343\/revisions"}],"predecessor-version":[{"id":2480,"href":"https:\/\/2advance.eu\/en\/wp-json\/wp\/v2\/pages\/2343\/revisions\/2480"}],"wp:attachment":[{"href":"https:\/\/2advance.eu\/en\/wp-json\/wp\/v2\/media?parent=2343"}],"curies":[{"name":"wp","href":"https:\/\/api.w.org\/{rel}","templated":true}]}}